{"id":4832,"date":"2020-10-26T20:05:24","date_gmt":"2020-10-26T17:05:24","guid":{"rendered":"https:\/\/gpsites.co\/health\/?page_id=3572"},"modified":"2021-09-28T10:23:16","modified_gmt":"2021-09-28T07:23:16","slug":"home","status":"publish","type":"page","link":"https:\/\/www.nessunnet.com\/en\/","title":{"rendered":"Home"},"content":{"rendered":"<div class=\"gb-container gb-container-d3fd7850\"><div class=\"gb-inside-container\">\n<div class=\"gb-grid-wrapper gb-grid-wrapper-af6103eb\">\n<div class=\"gb-grid-column gb-grid-column-8f41981c\"><div class=\"gb-container gb-container-8f41981c\"><div class=\"gb-inside-container\">\n\n<p class=\"gb-headline gb-headline-63a7ed68 gb-headline-text\"><span class=\"gb-icon\"><\/span><span class=\"gb-headline-text\">NEs(Nerve Sparing Aestethic circumcision)<\/span><\/p>\n\n\n\n<h1 class=\"gb-headline gb-headline-450cb49b gb-headline-text\"><strong>Respect for tissue\u2026 Respect for sensation\u2026<\/strong><\/h1>\n\n\n<div class=\"gb-button-wrapper gb-button-wrapper-b5a6cce5\">\n\n<a class=\"gb-button gb-button-42d709de gb-button-text button\" href=\"https:\/\/www.nessunnet.com\/en\/contact\/\">Make an appointment<\/a>\n\n\n\n<a class=\"gb-button gb-button-fbf456cd gb-button-text button\" href=\"https:\/\/www.nessunnet.com\/en\/what-is-nes\/\">What is NES?<\/a>\n\n<\/div>\n<\/div><\/div><\/div>\n<\/div>\n<\/div><\/div>\n\n<div class=\"gb-container gb-container-402dc025\"><div class=\"gb-inside-container\">\n<div class=\"gb-grid-wrapper gb-grid-wrapper-bd818bdf\">\n<div class=\"gb-grid-column gb-grid-column-8f208096\"><div class=\"gb-container gb-container-8f208096\"><div class=\"gb-inside-container\">\n\n<h2 class=\"has-text-align-center has-white-color has-text-color wp-block-heading\" style=\"font-size:22px\"> <span class=\"gb-headline-text\">Without Fea<\/span>r <\/h2>\n\n\n\n<div class=\"wp-block-image\"><figure class=\"aligncenter size-full\"><img decoding=\"async\" width=\"237\" height=\"178\" src=\"https:\/\/www.nessunnet.com\/en\/wp-content\/uploads\/sites\/2\/2021\/09\/456.webp\" alt=\"\" class=\"wp-image-5054\"\/><\/figure><\/div>\n\n<\/div><\/div><\/div>\n\n<div class=\"gb-grid-column gb-grid-column-548b511f\"><div class=\"gb-container gb-container-548b511f\"><div class=\"gb-inside-container\">\n\n<h2 class=\"has-text-align-center has-white-color has-text-color wp-block-heading\" style=\"font-size:22px\"> <span class=\"gb-headline-text\">Estheti<\/span>c<\/h2>\n\n\n\n<div class=\"wp-block-image\"><figure class=\"aligncenter size-full\"><img decoding=\"async\" width=\"237\" height=\"178\" src=\"https:\/\/www.nessunnet.com\/en\/wp-content\/uploads\/sites\/2\/2021\/09\/457.webp\" alt=\"\" class=\"wp-image-5055\"\/><\/figure><\/div>\n\n<\/div><\/div><\/div>\n\n<div class=\"gb-grid-column gb-grid-column-413124b6\"><div class=\"gb-container gb-container-413124b6\"><div class=\"gb-inside-container\">\n\n<h2 class=\"has-text-align-center has-white-color has-text-color wp-block-heading\" style=\"font-size:22px\"> <span class=\"gb-headline-text\">Painless Operation<\/span> <\/h2>\n\n\n\n<div class=\"wp-block-image\"><figure class=\"aligncenter size-full\"><img decoding=\"async\" width=\"237\" height=\"178\" src=\"https:\/\/www.nessunnet.com\/en\/wp-content\/uploads\/sites\/2\/2021\/09\/458.webp\" alt=\"\" class=\"wp-image-5056\"\/><\/figure><\/div>\n\n<\/div><\/div><\/div>\n<\/div>\n<\/div><\/div>\n\n<div class=\"gb-container gb-container-48442123\"><div class=\"gb-inside-container\">\n<div class=\"gb-grid-wrapper gb-grid-wrapper-e990bd06\">\n<div class=\"gb-grid-column gb-grid-column-a081b176\"><div class=\"gb-container gb-container-a081b176\"><div class=\"gb-inside-container\">\n\n<p class=\"gb-headline gb-headline-eb099c8d gb-headline-text\"><span class=\"gb-icon\"><\/span><span class=\"gb-headline-text\">NES (Nerve Sparing Aestethic circumcision)<\/span><\/p>\n\n\n\n<h2 class=\"gb-headline gb-headline-5ed2ab72 gb-headline-text\">About Circumcision<\/h2>\n\n\n\n<p>Circumcision is the surgical removal of the foreskin that covers the tip of the penis in an appropriate manner and length. It can be a matter of religious, socio-cultural (ethnic or family tradition, personal cosmetic choice, etc.) or preventive health care (personal hygiene). Approximately one quarter of men in the world undergo circumcision operation by these reasons. About 58 percent of infants born in the United States were circumcised at the hospital at birth. According to the U.S. Centers for Disease Control and Prevention (CDC) roughly 80% of American men are circumcised. The American Academy of Pediatrics (AAP) says that the benefits of circumcision outweigh the risks.<br>The procedure must only be performed by a pediatrician, family doctor, urologist, neonatologist, or even a pediatric surgeon who are well-educated and trained. Risk-reduction strategies including improved training of providers, and provision of appropriate sterile surgical equipment and hygienic medium are essential. The operation can also be done at home or in a private clinic as well as in a hospital. In case of existence of an important disease, the baby must not be circumcised. In the Nerve-Sparing Esthetic Technique of circumcision (NES), the tissue which contains superficial nerve structures and larger vessels are spared. As this unique operation is much more dificult to perform than the other techniques, advanced surgical skills, practice and labour are needed to not to cause any major complications.<br>One of the utmost important points is that the baby or child must not be traumatized physically or psychologically due to circumcision. Parents must search quite well about techniques and performers about circumcision as children will undergo this operation only once in their life span. Children must not suffer negative effects of wrong decisions in their future lifes.<\/p>\n\n<\/div><\/div><\/div>\n\n<div class=\"gb-grid-column gb-grid-column-59b3752c\"><div class=\"gb-container gb-container-59b3752c\"><div class=\"gb-inside-container\">\n\n<figure class=\"wp-block-image size-full\"><img decoding=\"async\" width=\"565\" height=\"800\" src=\"https:\/\/www.nessunnet.com\/en\/wp-content\/uploads\/sites\/2\/2021\/09\/4586.jpg\" alt=\"\" class=\"wp-image-5034\" srcset=\"https:\/\/www.nessunnet.com\/en\/wp-content\/uploads\/sites\/2\/2021\/09\/4586.jpg 565w, https:\/\/www.nessunnet.com\/en\/wp-content\/uploads\/sites\/2\/2021\/09\/4586-212x300.jpg 212w\" sizes=\"(max-width: 565px) 100vw, 565px\" \/><\/figure>\n\n<\/div><\/div><\/div>\n<\/div>\n<\/div><\/div>\n\n<div class=\"gb-container gb-container-cced38c7\"><div class=\"gb-inside-container\">\n\n<h3 class=\"gb-headline gb-headline-9b0597f3 gb-headline-text\"><span class=\"gb-icon\"><\/span><span class=\"gb-headline-text\">(NES) Sparing Esthetic Circumcision<\/span><\/h3>\n\n\n<div class=\"gb-grid-wrapper gb-grid-wrapper-40ac0aad\">\n<div class=\"gb-grid-column gb-grid-column-72224779\"><div class=\"gb-container gb-container-72224779\"><div class=\"gb-inside-container\">\n\n<h4 class=\"gb-headline gb-headline-70db4038 gb-headline-text\"><span class=\"gb-icon\"><\/span><span class=\"gb-headline-text\">Circumcision in newborn<\/span><\/h4>\n\n\n\n<p class=\"has-white-color has-text-color\">The circumcision procedure is fairly common for newborn boys in certain parts of the world, including the United States. In the U.S., about 55% of newborns are circumcised shortly after birth.&nbsp;<\/p>\n\n<\/div><\/div><\/div>\n\n<div class=\"gb-grid-column gb-grid-column-2df95670\"><div class=\"gb-container gb-container-2df95670\"><div class=\"gb-inside-container\">\n\n<h4 class=\"gb-headline gb-headline-d0760bcc gb-headline-text\"><span class=\"gb-icon\"><\/span><span class=\"gb-headline-text\">Benefits of circumcision<\/span><\/h4>\n\n\n\n<p class=\"has-white-color has-text-color\"><strong>Decreased risk of urinary tract infections.<\/strong>&nbsp;The risk of urinary tract infections in circumcised males is much more lower than uncircumcised males. Severe infections early in life can lead to kidney problems later.<\/p>\n\n<\/div><\/div><\/div>\n\n<div class=\"gb-grid-column gb-grid-column-98085887\"><div class=\"gb-container gb-container-98085887\"><div class=\"gb-inside-container\">\n\n<h4 class=\"gb-headline gb-headline-69afaa6b gb-headline-text\"><span class=\"gb-icon\"><\/span><span class=\"gb-headline-text\">Phallic stage and ideal age range<\/span><\/h4>\n\n\n\n<p class=\"has-white-color has-text-color\">The phallic stage which is the most important one of five stage in the child development begins when the child becomes three years old and continues until the child is five years.<\/p>\n\n<\/div><\/div><\/div>\n\n<div class=\"gb-grid-column gb-grid-column-9662b1fd\"><div class=\"gb-container gb-container-9662b1fd\"><div class=\"gb-inside-container\">\n\n<h4 class=\"gb-headline gb-headline-2882fe7b gb-headline-text\"><span class=\"gb-icon\"><\/span><span class=\"gb-headline-text\">Caring for the circumcised baby<\/span><\/h4>\n\n\n\n<p class=\"has-white-color has-text-color\">Bebeklerde s\u00fcnnetten sonra, s\u0131k kanama kontrol\u00fc yapmak \u015fart\u0131yla, alt bezleri ba\u011flanabilir.Pansuman sarg\u0131s\u0131nda ve bebek bezinde biraz kan g\u00f6r\u00fclmesi normaldir.<\/p>\n\n<\/div><\/div><\/div>\n\n<div class=\"gb-grid-column gb-grid-column-77c85e80\"><div class=\"gb-container gb-container-77c85e80\"><div class=\"gb-inside-container\">\n\n<h4 class=\"gb-headline gb-headline-587d0b9e gb-headline-text\"><span class=\"gb-icon\"><\/span><span class=\"gb-headline-text\">Advantages of NES<\/span><\/h4>\n\n\n\n<p class=\"has-white-color has-text-color\">Prepucium provides sensation and lubrication for the penis and contains numerous (between 20.000 and 70.000) super-specialized nerve endings and nerve corpuscules.<\/p>\n\n<\/div><\/div><\/div>\n\n<div class=\"gb-grid-column gb-grid-column-0681f23a\"><div class=\"gb-container gb-container-0681f23a\"><div class=\"gb-inside-container\">\n\n<h4 class=\"gb-headline gb-headline-c7fbb350 gb-headline-text\"><span class=\"gb-icon\"><\/span><span class=\"gb-headline-text\">Operation techniques<\/span><\/h4>\n\n\n\n<p class=\"has-white-color has-text-color\">Surgical techniques in which the prepucium is cut out as full-thickness (Techniques of dorsal slit, double insizyon, Gomco clamp, guillotine, Mogen clamp, etc\u2026)<\/p>\n\n<\/div><\/div><\/div>\n<\/div>\n\n<div class=\"gb-button-wrapper gb-button-wrapper-f50cc7f0\">\n\n<a class=\"gb-button gb-button-4d56ebb8 gb-button-text button\" href=\"https:\/\/www.nessunnet.com\/en\/blog\/\">Read More<\/a>\n\n<\/div>\n<\/div><\/div>\n\n<div class=\"gb-container gb-container-c35dd0b2\"><div class=\"gb-inside-container\">\n<div class=\"gb-grid-wrapper gb-grid-wrapper-757e03a3\">\n<div class=\"gb-grid-column gb-grid-column-fa236c2e\"><div class=\"gb-container gb-container-fa236c2e\"><div class=\"gb-inside-container\">\n\n<figure class=\"wp-block-image size-full\"><img decoding=\"async\" width=\"600\" height=\"600\" src=\"https:\/\/www.nessunnet.com\/en\/wp-content\/uploads\/sites\/2\/2021\/09\/389.jpg\" alt=\"\" class=\"wp-image-5039\" srcset=\"https:\/\/www.nessunnet.com\/en\/wp-content\/uploads\/sites\/2\/2021\/09\/389.jpg 600w, https:\/\/www.nessunnet.com\/en\/wp-content\/uploads\/sites\/2\/2021\/09\/389-300x300.jpg 300w, https:\/\/www.nessunnet.com\/en\/wp-content\/uploads\/sites\/2\/2021\/09\/389-150x150.jpg 150w\" sizes=\"(max-width: 600px) 100vw, 600px\" \/><\/figure>\n\n<\/div><\/div><\/div>\n\n<div class=\"gb-grid-column gb-grid-column-9ff8edc9\"><div class=\"gb-container gb-container-9ff8edc9\"><div class=\"gb-inside-container\">\n\n<p class=\"gb-headline gb-headline-13404956 gb-headline-text\"><span class=\"gb-icon\"><\/span><span class=\"gb-headline-text\">Advantages of NES<\/span><\/p>\n\n\n\n<h2 class=\"gb-headline gb-headline-a320adae gb-headline-text\"><strong> <span class=\"gb-headline-text\">Painless operation without bleedin<\/span>g <\/strong><\/h2>\n\n\n\n<p>Prepucium provides sensation and lubrication for the penis and contains numerous (between 20.000 and 70.000) super-specialized nerve endings and nerve corpuscules. These tiny structures are related to the perception of fine-touching, erogenous stimulus followed by orgasm and ejaculation. Thus, prepucium is one of the most sensitive part of penis.<br>In the standard circumcision techniques, the full thickness of the foreskin is removed. Namely the skin (epidermis) and the underlying dermis and adventitial tissue which are rich with superficial nerves-nerve corpuscles, blood vessels and lymphatic vessels all removed. As a result, sensitivity of glans penis is reduced dramatically in comparison to uncircumcised one.<\/p>\n\n<\/div><\/div><\/div>\n<\/div>\n<\/div><\/div>\n\n<div class=\"gb-container gb-container-e9de8d1a\"><div class=\"gb-inside-container\">\n\n<h3 class=\"gb-headline gb-headline-3cd6ad6f gb-headline-text\"><span class=\"gb-icon\"><\/span><span class=\"gb-headline-text\">Latest articles<\/span><\/h3>\n\n\n<style>.wp-show-posts-columns#wpsp-4159 {margin-left: -2em; }.wp-show-posts-columns#wpsp-4159 .wp-show-posts-inner {margin: 0 0 2em 2em; }<\/style><section id=\"wpsp-4159\" class=\" wp-show-posts-columns wp-show-posts\" style=\"\"><div class=\"wpsp-no-results\" style=\"margin-left: 2em;\"><p>Sorry, no posts were found.<\/p>\n<\/div><div class=\"wpsp-clear\"><\/div><\/section><!-- .wp-show-posts -->\n\n<\/div><\/div>","protected":false},"excerpt":{"rendered":"","protected":false},"author":1,"featured_media":0,"parent":0,"menu_order":0,"comment_status":"closed","ping_status":"closed","template":"","meta":{"_generate-full-width-content":"true","footnotes":""},"class_list":["post-4832","page","type-page","status-publish"],"yoast_head":"<!-- This site is optimized with the Yoast SEO plugin v17.1 - https:\/\/yoast.com\/wordpress\/plugins\/seo\/ -->\n<title>Sinir Koruyucu Estetik S\u00fcnnet, - NES nerve sparing aesthetic circumcision<\/title>\n<meta name=\"description\" content=\"(NES) Sinir Koruyucu Estetik S\u00fcnnet, nerve sparing aesthetic circumcision, Op. Dr. Hakan ERDO\u011eAN S\u00fcnnet Teknikleri\" \/>\n<meta name=\"robots\" content=\"index, follow, max-snippet:-1, max-image-preview:large, max-video-preview:-1\" \/>\n<link rel=\"canonical\" href=\"https:\/\/www.nessunnet.com\/en\/\" \/>\n<meta property=\"og:locale\" content=\"en_US\" \/>\n<meta property=\"og:type\" content=\"article\" \/>\n<meta property=\"og:title\" content=\"Sinir Koruyucu Estetik S\u00fcnnet, - NES nerve sparing aesthetic circumcision\" \/>\n<meta property=\"og:description\" content=\"(NES) Sinir Koruyucu Estetik S\u00fcnnet, nerve sparing aesthetic circumcision, Op. Dr. Hakan ERDO\u011eAN S\u00fcnnet Teknikleri\" \/>\n<meta property=\"og:url\" content=\"https:\/\/www.nessunnet.com\/en\/\" \/>\n<meta property=\"og:site_name\" content=\"NES\" \/>\n<meta property=\"article:modified_time\" content=\"2021-09-28T07:23:16+00:00\" \/>\n<meta property=\"og:image\" content=\"https:\/\/www.nessunnet.com\/en\/wp-content\/uploads\/sites\/2\/2021\/09\/456.webp\" \/>\n<meta name=\"twitter:card\" content=\"summary_large_image\" \/>\n<meta name=\"twitter:label1\" content=\"Est. reading time\" \/>\n\t<meta name=\"twitter:data1\" content=\"4 minutes\" \/>\n<script type=\"application\/ld+json\" class=\"yoast-schema-graph\">{\"@context\":\"https:\/\/schema.org\",\"@graph\":[{\"@type\":\"Organization\",\"@id\":\"https:\/\/www.nessunnet.com\/en\/#organization\",\"name\":\"NES Sparing Esthetic Circumcision\",\"url\":\"https:\/\/www.nessunnet.com\/en\/\",\"sameAs\":[],\"logo\":{\"@type\":\"ImageObject\",\"@id\":\"https:\/\/www.nessunnet.com\/en\/#logo\",\"inLanguage\":\"en-US\",\"url\":\"https:\/\/www.nessunnet.com\/en\/wp-content\/uploads\/sites\/2\/2021\/09\/nes-logo-01.svg\",\"contentUrl\":\"https:\/\/www.nessunnet.com\/en\/wp-content\/uploads\/sites\/2\/2021\/09\/nes-logo-01.svg\",\"width\":100,\"height\":25,\"caption\":\"NES Sparing Esthetic Circumcision\"},\"image\":{\"@id\":\"https:\/\/www.nessunnet.com\/en\/#logo\"}},{\"@type\":\"WebSite\",\"@id\":\"https:\/\/www.nessunnet.com\/en\/#website\",\"url\":\"https:\/\/www.nessunnet.com\/en\/\",\"name\":\"NES\",\"description\":\"Nerve Sparing Esthetic Circumcision\",\"publisher\":{\"@id\":\"https:\/\/www.nessunnet.com\/en\/#organization\"},\"potentialAction\":[{\"@type\":\"SearchAction\",\"target\":{\"@type\":\"EntryPoint\",\"urlTemplate\":\"https:\/\/www.nessunnet.com\/en\/?s={search_term_string}\"},\"query-input\":\"required name=search_term_string\"}],\"inLanguage\":\"en-US\"},{\"@type\":\"ImageObject\",\"@id\":\"https:\/\/www.nessunnet.com\/en\/#primaryimage\",\"inLanguage\":\"en-US\",\"url\":\"https:\/\/www.nessunnet.com\/en\/wp-content\/uploads\/sites\/2\/2021\/09\/456.webp\",\"contentUrl\":\"https:\/\/www.nessunnet.com\/en\/wp-content\/uploads\/sites\/2\/2021\/09\/456.webp\",\"width\":237,\"height\":178},{\"@type\":\"WebPage\",\"@id\":\"https:\/\/www.nessunnet.com\/en\/#webpage\",\"url\":\"https:\/\/www.nessunnet.com\/en\/\",\"name\":\"Sinir Koruyucu Estetik S\\u00fcnnet, - NES nerve sparing aesthetic circumcision\",\"isPartOf\":{\"@id\":\"https:\/\/www.nessunnet.com\/en\/#website\"},\"primaryImageOfPage\":{\"@id\":\"https:\/\/www.nessunnet.com\/en\/#primaryimage\"},\"datePublished\":\"2020-10-26T17:05:24+00:00\",\"dateModified\":\"2021-09-28T07:23:16+00:00\",\"description\":\"(NES) Sinir Koruyucu Estetik S\\u00fcnnet, nerve sparing aesthetic circumcision, Op. Dr. Hakan ERDO\\u011eAN S\\u00fcnnet Teknikleri\",\"breadcrumb\":{\"@id\":\"https:\/\/www.nessunnet.com\/en\/#breadcrumb\"},\"inLanguage\":\"en-US\",\"potentialAction\":[{\"@type\":\"ReadAction\",\"target\":[\"https:\/\/www.nessunnet.com\/en\/\"]}]},{\"@type\":\"BreadcrumbList\",\"@id\":\"https:\/\/www.nessunnet.com\/en\/#breadcrumb\",\"itemListElement\":[{\"@type\":\"ListItem\",\"position\":1,\"name\":\"Anasayfa\",\"item\":\"https:\/\/www.nessunnet.com\/en\/\"},{\"@type\":\"ListItem\",\"position\":2,\"name\":\"Home\"}]}]}<\/script>\n<!-- \/ Yoast SEO plugin. -->","yoast_head_json":{"title":"Sinir Koruyucu Estetik S\u00fcnnet, - NES nerve sparing aesthetic circumcision","description":"(NES) Sinir Koruyucu Estetik S\u00fcnnet, nerve sparing aesthetic circumcision, Op. Dr. Hakan ERDO\u011eAN S\u00fcnnet Teknikleri","robots":{"index":"index","follow":"follow","max-snippet":"max-snippet:-1","max-image-preview":"max-image-preview:large","max-video-preview":"max-video-preview:-1"},"canonical":"https:\/\/www.nessunnet.com\/en\/","og_locale":"en_US","og_type":"article","og_title":"Sinir Koruyucu Estetik S\u00fcnnet, - NES nerve sparing aesthetic circumcision","og_description":"(NES) Sinir Koruyucu Estetik S\u00fcnnet, nerve sparing aesthetic circumcision, Op. Dr. Hakan ERDO\u011eAN S\u00fcnnet Teknikleri","og_url":"https:\/\/www.nessunnet.com\/en\/","og_site_name":"NES","article_modified_time":"2021-09-28T07:23:16+00:00","og_image":[{"url":"https:\/\/www.nessunnet.com\/en\/wp-content\/uploads\/sites\/2\/2021\/09\/456.webp"}],"twitter_card":"summary_large_image","twitter_misc":{"Est. reading time":"4 minutes"},"schema":{"@context":"https:\/\/schema.org","@graph":[{"@type":"Organization","@id":"https:\/\/www.nessunnet.com\/en\/#organization","name":"NES Sparing Esthetic Circumcision","url":"https:\/\/www.nessunnet.com\/en\/","sameAs":[],"logo":{"@type":"ImageObject","@id":"https:\/\/www.nessunnet.com\/en\/#logo","inLanguage":"en-US","url":"https:\/\/www.nessunnet.com\/en\/wp-content\/uploads\/sites\/2\/2021\/09\/nes-logo-01.svg","contentUrl":"https:\/\/www.nessunnet.com\/en\/wp-content\/uploads\/sites\/2\/2021\/09\/nes-logo-01.svg","width":100,"height":25,"caption":"NES Sparing Esthetic Circumcision"},"image":{"@id":"https:\/\/www.nessunnet.com\/en\/#logo"}},{"@type":"WebSite","@id":"https:\/\/www.nessunnet.com\/en\/#website","url":"https:\/\/www.nessunnet.com\/en\/","name":"NES","description":"Nerve Sparing Esthetic Circumcision","publisher":{"@id":"https:\/\/www.nessunnet.com\/en\/#organization"},"potentialAction":[{"@type":"SearchAction","target":{"@type":"EntryPoint","urlTemplate":"https:\/\/www.nessunnet.com\/en\/?s={search_term_string}"},"query-input":"required name=search_term_string"}],"inLanguage":"en-US"},{"@type":"ImageObject","@id":"https:\/\/www.nessunnet.com\/en\/#primaryimage","inLanguage":"en-US","url":"https:\/\/www.nessunnet.com\/en\/wp-content\/uploads\/sites\/2\/2021\/09\/456.webp","contentUrl":"https:\/\/www.nessunnet.com\/en\/wp-content\/uploads\/sites\/2\/2021\/09\/456.webp","width":237,"height":178},{"@type":"WebPage","@id":"https:\/\/www.nessunnet.com\/en\/#webpage","url":"https:\/\/www.nessunnet.com\/en\/","name":"Sinir Koruyucu Estetik S\u00fcnnet, - NES nerve sparing aesthetic circumcision","isPartOf":{"@id":"https:\/\/www.nessunnet.com\/en\/#website"},"primaryImageOfPage":{"@id":"https:\/\/www.nessunnet.com\/en\/#primaryimage"},"datePublished":"2020-10-26T17:05:24+00:00","dateModified":"2021-09-28T07:23:16+00:00","description":"(NES) Sinir Koruyucu Estetik S\u00fcnnet, nerve sparing aesthetic circumcision, Op. Dr. Hakan ERDO\u011eAN S\u00fcnnet Teknikleri","breadcrumb":{"@id":"https:\/\/www.nessunnet.com\/en\/#breadcrumb"},"inLanguage":"en-US","potentialAction":[{"@type":"ReadAction","target":["https:\/\/www.nessunnet.com\/en\/"]}]},{"@type":"BreadcrumbList","@id":"https:\/\/www.nessunnet.com\/en\/#breadcrumb","itemListElement":[{"@type":"ListItem","position":1,"name":"Anasayfa","item":"https:\/\/www.nessunnet.com\/en\/"},{"@type":"ListItem","position":2,"name":"Home"}]}]}},"_links":{"self":[{"href":"https:\/\/www.nessunnet.com\/en\/wp-json\/wp\/v2\/pages\/4832","targetHints":{"allow":["GET"]}}],"collection":[{"href":"https:\/\/www.nessunnet.com\/en\/wp-json\/wp\/v2\/pages"}],"about":[{"href":"https:\/\/www.nessunnet.com\/en\/wp-json\/wp\/v2\/types\/page"}],"author":[{"embeddable":true,"href":"https:\/\/www.nessunnet.com\/en\/wp-json\/wp\/v2\/users\/1"}],"replies":[{"embeddable":true,"href":"https:\/\/www.nessunnet.com\/en\/wp-json\/wp\/v2\/comments?post=4832"}],"version-history":[{"count":35,"href":"https:\/\/www.nessunnet.com\/en\/wp-json\/wp\/v2\/pages\/4832\/revisions"}],"predecessor-version":[{"id":5057,"href":"https:\/\/www.nessunnet.com\/en\/wp-json\/wp\/v2\/pages\/4832\/revisions\/5057"}],"wp:attachment":[{"href":"https:\/\/www.nessunnet.com\/en\/wp-json\/wp\/v2\/media?parent=4832"}],"curies":[{"name":"wp","href":"https:\/\/api.w.org\/{rel}","templated":true}]}}